{"id":7,"date":"2018-02-19T12:49:59","date_gmt":"2018-02-19T12:49:59","guid":{"rendered":"http:\/\/www.cmsv1.de\/?page_id=7"},"modified":"2018-02-22T16:44:15","modified_gmt":"2018-02-22T16:44:15","slug":"service","status":"publish","type":"page","link":"https:\/\/www.cmsv1.de\/?page_id=7","title":{"rendered":"Datenschutz"},"content":{"rendered":"<p>1. Allgemeines<\/p>\n<p>CMSV1 ist ein Angebot von<br \/>\ngepixel.de Agentur f\u00fcr Online-Dienste,<br \/>\nUntere Marktgasse 5, 91578 Leutershausen<\/p>\n<p>Details und weitere Angaben finden Sie unter Kontakt.<\/p>\n<p>2. Ihre personenbezogenen Daten<br \/>\n2.1 Wir nutzen Ihre personenbezogenen Daten zur vertragsgem\u00e4\u00dfen Durchf\u00fchrung unserer Leistungen. In keinem Fall werden wir Ihre personenbezogenen Daten zu Werbe- oder Marketingzwecken Dritten zur Kenntnis geben oder diese sonst au\u00dferhalb der Erf\u00fcllung unserer vertraglichen Pflichten an Dritte weitergeben.<br \/>\n2.2 Zur Durchf\u00fchrung und Abrechnung unserer Leistungen d\u00fcrfen wir uns eines verbundenen Unternehmens (z.B. Muttergesellschaft) bedienen und diesem die f\u00fcr die Leistungserbringung und -abrechnung erforderlichen Daten zur Verf\u00fcgung stellen. Wenn Sie als Zahlungsart Kreditkarte w\u00e4hlen \u00fcbermitteln wir Ihre Kreditkartendaten verschl\u00fcsselt an unseren Zahlungsdienstleister. Sollten Sie zu einem sp\u00e4teren Zeitpunkt eine weitere Bestellung \u00fcber Ihre Kreditkarte bezahlen wollen, erhalten wir Ihre Kreditkartendaten \u00fcber eine Identifikationsnummer (Alias) von unserem Zahlungsdienstleister, so dass Sie nicht erneut Ihre vollst\u00e4ndigen Kreditkartendaten eingeben m\u00fcssen.<br \/>\n2.3 Im Rahmen der Registrierung unseres Newsletters teilen Sie uns Ihre E-Mail-Adresse und optional weitere Daten mit. Diese Angaben verwenden wir ausschlie\u00dflich, um Ihnen den Newsletter zuzusenden. Ihre bei der Newsletter-Anmeldung eingegebenen Daten bleiben bei uns gespeichert, bis Sie sich wieder von unserem Newsletter abmelden. Eine Abmeldung ist jederzeit \u00fcber den daf\u00fcr vorgesehenen Link im Newsletter oder eine entsprechende Mitteilung an die unter Ziffer 11 genannten Kontaktdaten m\u00f6glich. Mit der Abmeldung widersprechen Sie der Nutzung Ihrer E-Mail-Adresse.<br \/>\n2.4 Zur Wahrung unserer berechtigten Interessen f\u00fchren wir Bonit\u00e4tspr\u00fcfungen bei anerkannten Wirtschaftsauskunfteien durch. N\u00e4hre Informationen zu diesen Bonit\u00e4tspr\u00fcfungen finden Sie unter \u00a7 5 unserer Allgemeinen Gesch\u00e4ftsbedingungen.<\/p>\n<p>3. Cookies<\/p>\n<p>3.1 Cookies sind kleine Textdateien, die auf Ihrem Computer gespeichert werden und von vielen Millionen Websites verwendet werden.<br \/>\n3.2 \u00dcber die Sicherheitseinstellungen Ihres Browsers k\u00f6nnen Sie die Speicherung von Cookies deaktivieren. Dies kann jedoch zu Einschr\u00e4nkungen in der Funktionalit\u00e4t f\u00fchren.<br \/>\n3.3 Die von uns verwendeten Cookies sind zum einen \u201eSession-Cookies\u201c, sie werden also nach Beendigung der Sitzung (durch Abmeldung bzw. Zeitablauf) gel\u00f6scht. Zum anderen bieten wir unseren Nutzern die M\u00f6glichkeit, die Startseite den individuellen Nutzungsbed\u00fcrfnissen anzupassen (keine Anzeige der Gateway-Seite bei erneutem Besuch der Seite). Diese Information wird bei Aktivieren der entsprechenden Checkbox durch den Nutzer mittels eines Cookies gespeichert, welches f\u00fcr 90 Tage gespeichert bleibt. Ferner setzt des Webseiten-Analyse-Programm Google Analytics Cookies ein (vgl. hierzu Ausf\u00fchrungen unter Ziffer 5.).<br \/>\n3.4 Sollten Sie den Computer gemeinsam mit anderen Nutzern gebrauchen, empfehlen wir Ihnen dringend, sich am Ende jeder Sitzung ordnungsgem\u00e4\u00df abzumelden. Des Weiteren k\u00f6nnen Sie Cookies auch \u00fcber die Einstellungen Ihres Browser deaktivieren oder l\u00f6schen.<\/p>\n<p>4. Log-Dateien<\/p>\n<p>4.1 Bei jedem Zugriff eines Nutzers auf eine unserer Seiten und bei jedem Abruf einer Datei werden \u00fcber diesen Vorgang Daten in einer Protokolldatei gespeichert. Die Speicherung dient ausschlie\u00dflich internen systembezogenen und statistischen Zwecken. Zur Abwehr von Angriffen aus dem Internet und zur Fehlersuche m\u00fcssen wir Ihre IP-Adresse speichern. Diese Daten werden jedoch schnellstm\u00f6glich, sp\u00e4testens nach sieben Tagen, wieder gel\u00f6scht. Im Einzelnen wird \u00fcber jeden Abruf folgender Datensatz gespeichert:<br \/>\n&#8211; Ihre IP-Adresse (durch die Ihr Computer eindeutig identifiziert werden kann) in den Logfiles des Webservers &#8211; den Remote Host (Name und IP-Adresse des Rechners, der die Seite anfordert), &#8211; die Uhrzeit, den Status, die \u00fcbertragene Datenmenge sowie die Internetseite, von der Sie auf die angeforderte Seite gekommen sind (Referrer), sowie &#8211; die Produkt- und Versionsinformationen des verwendeten Browsers (User-Agent). Eine L\u00f6schung dieser Statistik-Rohdaten erfolgt nach sp\u00e4testens 60 Tagen. 4.2 Wir k\u00f6nnen so z.B. erfahren, an welchen Tagen und zu welchen Uhrzeiten unsere Internetseiten besonders beliebt sind und wie viel Datenvolumen auf diesen erzeugt wird. Zudem k\u00f6nnen wir durch die Log-Dateien m\u00f6gliche Fehler erkennen, z.B. fehlerhafte Links oder Programmfehler, und die Log-Dateien damit f\u00fcr die Weiterentwicklung der Internetseiten verwenden. Wir verkn\u00fcpfen die im Server-Log gespeicherten Seitenabrufe und Nutzungen nicht mit einzelnen Personen. Eine Verkn\u00fcpfung findet ausschlie\u00dflich bei der Speicherung der IP-Adresse im Falle eines Missbrauchsverdachts zur Missbrauchsbek\u00e4mpfung statt.<\/p>\n<p>5. Web-Analyse mit Google Analytics und WiredMinds<\/p>\n<p>Diese Website benutzt Google Analytics, einen Webanalysedienst der Google Inc. (\u201eGoogle\u201c). Google Analytics verwendet sog. \u201eCookies\u201c, Textdateien, die auf Ihrem Computer gespeichert werden und die eine Analyse der Benutzung der Website durch Sie erm\u00f6glichen. Die durch den Cookie erzeugten Informationen \u00fcber Ihre Benutzung dieser Website (einschlie\u00dflich Ihrer IP-Adresse) werden an einen Server von Google in den USA \u00fcbertragen und dort gespeichert. Google wird diese Informationen benutzen, um Ihre Nutzung der Website auszuwerten, um Reports \u00fcber die Webseitenaktivit\u00e4ten f\u00fcr die Webseitenbetreiber zusammenzustellen und um weitere mit der Webseitennutzung und der Internetnutzung verbundene Dienstleistungen zu erbringen. Auch wird Google diese Informationen gegebenenfalls an Dritte \u00fcbertragen, sofern dies gesetzlich vorgeschrieben oder soweit Dritte diese Daten im Auftrag von Google verarbeiten. Google wird in keinem Fall Ihre IP-Adresse mit anderen Daten von Google in Verbindung bringen. Sie k\u00f6nnen die Installation der Cookies durch eine entsprechende Einstellung Ihrer Browser Software verhindern; wir weisen Sie jedoch darauf hin, dass Sie in diesem Fall gegebenenfalls nicht s\u00e4mtliche Funktionen dieser Website vollumf\u00e4nglich nutzen k\u00f6nnen. Durch die Nutzung dieser Website erkl\u00e4ren Sie sich mit der Bearbeitung der \u00fcber Sie erhobenen Daten durch Google in der zuvor beschriebenen Art und Weise und zu dem zuvor benannten Zweck einverstanden. Angesichts der Diskussion um den Einsatz von Analysetools mit vollst\u00e4ndigen IP-Adressen m\u00f6chten wir darauf hinweisen, dass diese Website Google Analytics mit der Erweiterung \u201e_anonymizeIp()\u201c verwendet und daher IP-Adressen nur gek\u00fcrzt weiterverarbeitet werden, um eine direkte Personenbeziehbarkeit auszuschlie\u00dfen. Hier k\u00f6nnen Sie Google Analytics vollst\u00e4ndig deaktivieren. Zu Zwecken des Marketings und der Optimierung werden auf dieser Web-Site Produkte und Dienstleistungen der WiredMinds AG (www.wiredminds.de) verwendet. Dabei werden Daten erhoben, verarbeitet und gespeichert, aus denen unter einem Pseudonym Nutzungsprofile erstellt werden. Wo m\u00f6glich und sinnvoll werden die Nutzungsprofile vollst\u00e4ndig anonymisiert. Hierzu k\u00f6nnen Cookies zum Einsatz kommen. Cookies sind kleine Textdateien, die im Internet-Browser des Besuchers gespeichert werden und zur Wiedererkennung des Internet-Browsers dienen. Die erhobenen Daten, die auch personenbezogene Daten beinhalten k\u00f6nnen, werden an WiredMinds \u00fcbermittelt oder direkt von WiredMinds erhoben. WiredMinds darf Informationen, die durch Besuche auf den Webseiten hinterlassen werden, nutzen um anonymisierte Nutzungsprofile zu erstellen. Die dabei gewonnenen Daten werden ohne die gesondert erteilte Zustimmung des Betroffenen nicht benutzt, um den Besucher dieser Website pers\u00f6nlich zu identifizieren und sie werden nicht mit personenbezogenen Daten \u00fcber den Tr\u00e4ger des Pseudonyms zusammengef\u00fchrt. Soweit IP-Adressen erhoben werden, werden diese unverz\u00fcglich nach Erhebung durch L\u00f6schen des letzten Nummernblocks anonymisiert. Der Datenerhebung, -verarbeitung und -speicherung kann jederzeit mit Wirkung f\u00fcr die Zukunft widersprochen werden, in dem Sie auf folgenden Link klicken:<br \/>\nhttp:\/\/wm2.wiredminds.de\/track\/cookie_mgr.php?mode=dont_track_ask&#038;websitesel=3527df57fe9591ea&#038;lang=de.<\/p>\n<p>6. Google AdWords Conversion Tracking<\/p>\n<p>Diese Webseite benutzt Google AdWords Conversion Tracking, einen Webanalysedienst der Google Inc. (\u201eGoogle\u201c). Google AdWords Conversion Tracking verwendet ebenfalls \u201eCookies\u201c, die auf Ihrem Computer gespeichert werden und die eine Analyse der Benutzung der Webseite durch Sie erm\u00f6glichen. Die durch den Cookie erzeugten Informationen \u00fcber Ihre Benutzung dieser Webseite werden an einen Server von Google in den USA \u00fcbertragen und dort gespeichert. Google wird diese Informationen benutzen, um Ihre Nutzung der Webseite auszuwerten, um Reports \u00fcber die Webseitenaktivit\u00e4ten f\u00fcr die Webseitenbetreiber zusammenzustellen und um weitere mit der Webseitennutzung und der Internetnutzung verbundene Dienstleistungen zu erbringen. Auch wird Google diese Informationen gegebenenfalls an Dritte \u00fcbertragen, sofern dies gesetzlich vorgeschrieben oder soweit Dritte diese Daten im Auftrag von Google verarbeiten. Sie k\u00f6nnen die Verwendung von Cookies generell verhindern, wenn Sie in Ihrem Browser die Speicherung von Cookies untersagen<\/p>\n<p>7. Social Plugins<\/p>\n<p>Diese Webseite verwendet Social Plugins der Facebook Inc., 1601 S. California Ave, Palo Alto, CA 94304, USA (im Folgenden \u201eFacebook\u201c). Wenn Sie Seiten aufrufen, die ein solches Plugin beinhalten, werden automatisch Daten \u00fcber Ihr Besucherverhalten an die Server von Facebook \u00fcbermittelt. Der Webseitenbetreiber hat keinen Einfluss auf Art und Umfang der erhobenen und an Facebook \u00fcbermittelten Daten. Sind Sie bei Facebook eingeloggt, kann Facebook den Besuch Ihrem Facebook-Konto zuordnen. Weitere Informationen zum Datenschutz auf Facebook finden Sie unter https:\/\/www.facebook.com\/about\/privacy\/.<br \/>\nDiese Webseite verwendet Social Plugins der Google Inc., 1600 Amphitheatre Parkway, Mountain View, CA 94043, USA (im Folgenden \u201eGoogle\u201c). Wenn Sie Seiten aufrufen, die ein solches Plugin beinhalten, k\u00f6nnen automatisch Daten \u00fcber Ihr Besucherverhalten an die Server von Google \u00fcbermittelt werden. Der Webseitenbetreiber hat keinen Einfluss auf Art und Umfang der erhobenen und an Google \u00fcbermittelten Daten. Sind Sie bei Google eingeloggt, kann Google den Besuch Ihrem Google-Konto zuordnen. Weitere Informationen zum Datenschutz beim Google +1 Button finden Sie unter http:\/\/www.google.de\/intl\/de\/policies\/privacy\/.<br \/>\nDiese Webseite verwendet Social Plugins der Twitter Inc., 1355 Market St, Suite 900, San Francisco, CA 94103, USA (im Folgenden \u201eTwitter\u201c). Wenn Sie Seiten aufrufen, die ein solches Plugin beinhalten, k\u00f6nnen automatisch Daten \u00fcber Ihr Besucherverhalten an die Server von Twitter \u00fcbermittelt werden. Der Webseitenbetreiber hat keinen Einfluss auf Art und Umfang der erhobenen und an Twitter \u00fcbermittelten Daten. Sind Sie bei Twitter eingeloggt, kann Twitter den Besuch Ihrem Twitter-Konto zuordnen. Weitere Informationen zum Datenschutz bei Twitter finden Sie unter https:\/\/twitter.com\/privacy.<\/p>\n<p>8. Datensicherheit<\/p>\n<p>Alle unsere Daten, die sich auf unseren Servern befinden, sind durch hintereinander geschaltete Sicherheitssysteme vor dem Zugriff Unberechtigter gesichert. Unsere Mitarbeiter und unsere System-Dienstleister \u00fcberpr\u00fcfen die Wirksamkeit des Schutzes regelm\u00e4\u00dfig<\/p>\n<p>9. Abrufbarkeit der Datenschutzbestimmungen<\/p>\n<p>Sie k\u00f6nnen diese Datenschutzbestimmungen von jeder Seite unseres Angebotes unter dem Link \u201eDatenschutzerkl\u00e4rung\u201c abrufen und ausdrucken.<\/p>\n<p>10. Auskunftsrecht<\/p>\n<p>Sie haben jederzeit das Recht auf Auskunft \u00fcber die zu Ihrer Person gespeicherten Daten, deren Herkunft und Empf\u00e4nger sowie den Zweck der Speicherung. Des Weiteren k\u00f6nnen Sie Ihre von uns erhobenen Daten berichtigten, sperren oder l\u00f6schen lassen. Eine Mitteilung in Textform an die unter Ziffer 11 genannten Kontaktdaten reicht hierf\u00fcr aus.<\/p>\n<p>11. Datenschutzbeauftragter<\/p>\n<p>Wenn Sie Fragen zum Schutz Ihrer Daten oder Beanstandungen haben, k\u00f6nnen Sie sich direkt an den Datenschutzbeauftragten wenden:<\/p>\n<p>gepixel.de<br \/>\nUntere Marktgasse 5<br \/>\n91578 Leutershausen<\/p>\n","protected":false},"excerpt":{"rendered":"<p>1. Allgemeines CMSV1 ist ein Angebot von gepixel.de Agentur f\u00fcr Online-Dienste, Untere Marktgasse 5, 91578 Leutershausen Details und weitere Angaben finden Sie unter Kontakt. 2. Ihre personenbezogenen Daten 2.1 Wir &#8230;<\/p>\n","protected":false},"author":1,"featured_media":0,"parent":0,"menu_order":0,"comment_status":"closed","ping_status":"closed","template":"","meta":[],"_links":{"self":[{"href":"https:\/\/www.cmsv1.de\/index.php?rest_route=\/wp\/v2\/pages\/7"}],"collection":[{"href":"https:\/\/www.cmsv1.de\/index.php?rest_route=\/wp\/v2\/pages"}],"about":[{"href":"https:\/\/www.cmsv1.de\/index.php?rest_route=\/wp\/v2\/types\/page"}],"author":[{"embeddable":true,"href":"https:\/\/www.cmsv1.de\/index.php?rest_route=\/wp\/v2\/users\/1"}],"replies":[{"embeddable":true,"href":"https:\/\/www.cmsv1.de\/index.php?rest_route=%2Fwp%2Fv2%2Fcomments&post=7"}],"version-history":[{"count":4,"href":"https:\/\/www.cmsv1.de\/index.php?rest_route=\/wp\/v2\/pages\/7\/revisions"}],"predecessor-version":[{"id":75,"href":"https:\/\/www.cmsv1.de\/index.php?rest_route=\/wp\/v2\/pages\/7\/revisions\/75"}],"wp:attachment":[{"href":"https:\/\/www.cmsv1.de\/index.php?rest_route=%2Fwp%2Fv2%2Fmedia&parent=7"}],"curies":[{"name":"wp","href":"https:\/\/api.w.org\/{rel}","templated":true}]}}